{"id":262,"date":"2018-02-28T12:17:19","date_gmt":"2018-02-28T12:17:19","guid":{"rendered":"http:\/\/gruptm.com\/?page_id=262"},"modified":"2019-01-22T08:32:24","modified_gmt":"2019-01-22T08:32:24","slug":"asesoria-y-gestion-inmobiliaria","status":"publish","type":"page","link":"http:\/\/gruptm.com\/?page_id=262","title":{"rendered":"Asesor\u00eda y gesti\u00f3n inmobiliaria"},"content":{"rendered":"<p>Nuestro equipo de expertos profesionales en el sector, le asesoran para la compra, venta o alquiler de cualquier inmueble.<\/p>\n<ul>\n<li>Comercializaci\u00f3n de inmuebles<\/li>\n<li>Valoraciones y tasaciones judiciales inmobiliarias<\/li>\n<li>Redacci\u00f3n de contratos y escrituras p\u00fablicas<\/li>\n<li>Gesti\u00f3n de financiaciones<\/li>\n<li>Obras nuevas y divisiones horizontales<\/li>\n<li>Reparcelaciones y segregaciones<\/li>\n<li>Actuaciones urban\u00edsticas, obtenci\u00f3n de licencias y certificaciones<\/li>\n<li>Gesti\u00f3n de patrimonios<\/li>\n<li>Servicios t\u00e9cnicos (c\u00e9dula de habitabilidad, rehabilitaciones, certificado de eficiencia energ\u00e9tica, etc\u00e9tera)<\/li>\n<li>Alquiler de inmuebles<\/li>\n<li>Gesti\u00f3n, seguimiento y actualizaci\u00f3n de los alquileres<\/li>\n<li>Asesoramiento y gesti\u00f3n de los patrimonios arrendaticios<\/li>\n<li>Valoraciones patrimoniales<\/li>\n<li>Control y gesti\u00f3n de la morosidad<\/li>\n<\/ul>\n","protected":false},"excerpt":{"rendered":"<p>Nuestro equipo de expertos profesionales en el sector, le asesoran para la compra, venta o alquiler de cualquier inmueble. Comercializaci\u00f3n de inmuebles Valoraciones y tasaciones judiciales inmobiliarias Redacci\u00f3n de contratos y escrituras p\u00fablicas Gesti\u00f3n de financiaciones Obras nuevas y divisiones horizontales Reparcelaciones y segregaciones Actuaciones urban\u00edsticas, obtenci\u00f3n de licencias y certificaciones Gesti\u00f3n de patrimonios Servicios [&hellip;]<\/p>\n","protected":false},"author":4,"featured_media":0,"parent":0,"menu_order":0,"comment_status":"closed","ping_status":"closed","template":"page-full-width.php","meta":{"footnotes":""},"class_list":["post-262","page","type-page","status-publish","hentry"],"aioseo_notices":[],"_links":{"self":[{"href":"http:\/\/gruptm.com\/index.php?rest_route=\/wp\/v2\/pages\/262","targetHints":{"allow":["GET"]}}],"collection":[{"href":"http:\/\/gruptm.com\/index.php?rest_route=\/wp\/v2\/pages"}],"about":[{"href":"http:\/\/gruptm.com\/index.php?rest_route=\/wp\/v2\/types\/page"}],"author":[{"embeddable":true,"href":"http:\/\/gruptm.com\/index.php?rest_route=\/wp\/v2\/users\/4"}],"replies":[{"embeddable":true,"href":"http:\/\/gruptm.com\/index.php?rest_route=%2Fwp%2Fv2%2Fcomments&post=262"}],"version-history":[{"count":1,"href":"http:\/\/gruptm.com\/index.php?rest_route=\/wp\/v2\/pages\/262\/revisions"}],"predecessor-version":[{"id":265,"href":"http:\/\/gruptm.com\/index.php?rest_route=\/wp\/v2\/pages\/262\/revisions\/265"}],"wp:attachment":[{"href":"http:\/\/gruptm.com\/index.php?rest_route=%2Fwp%2Fv2%2Fmedia&parent=262"}],"curies":[{"name":"wp","href":"https:\/\/api.w.org\/{rel}","templated":true}]}}