{"id":259,"date":"2018-02-25T23:39:11","date_gmt":"2018-02-25T23:39:11","guid":{"rendered":"http:\/\/gruptm.com\/?page_id=259"},"modified":"2019-01-22T08:26:46","modified_gmt":"2019-01-22T08:26:46","slug":"asesoria-fiscal","status":"publish","type":"page","link":"http:\/\/gruptm.com\/?page_id=259","title":{"rendered":"Asesor\u00eda fiscal"},"content":{"rendered":"<p>La asesor\u00eda fiscal, es una parte muy importante para las empresas, comercios y personas f\u00edsicas, un buen asesoramiento fiscal, aplicando todas las desgravaciones, descuentos y beneficios fiscales establecidos por ley, puede verse reducido considerablemente la carga fiscal.<\/p>\n<p>Los principales impuestos, existentes en nuestro estado:<\/p>\n<ul>\n<li>Impuesto de la renta de las personas f\u00edsicas<\/li>\n<li>Impuesto de sociedades<\/li>\n<li>Impuesto del valor a\u00f1adido<\/li>\n<li>Impuesto sobre las trasmisiones patrimoniales y actos jur\u00eddicos documentados<\/li>\n<li>Impuestos especiales.<\/li>\n<\/ul>\n<p>As\u00ed mismo, confeccionamos y presentamos:<\/p>\n<ul>\n<li>Declaraciones trimestrales y res\u00famenes anuales de todos los Impuestos establecidos<\/li>\n<\/ul>\n<p>Recursos frente la administraci\u00f3n tributaria, aplazamientos de pago de impuestos y recursos ante el tribunal econ\u00f3mico-administrativo.<\/p>\n","protected":false},"excerpt":{"rendered":"<p>La asesor\u00eda fiscal, es una parte muy importante para las empresas, comercios y personas f\u00edsicas, un buen asesoramiento fiscal, aplicando todas las desgravaciones, descuentos y beneficios fiscales establecidos por ley, puede verse reducido considerablemente la carga fiscal. Los principales impuestos, existentes en nuestro estado: Impuesto de la renta de las personas f\u00edsicas Impuesto de sociedades [&hellip;]<\/p>\n","protected":false},"author":4,"featured_media":0,"parent":0,"menu_order":0,"comment_status":"closed","ping_status":"closed","template":"page-full-width.php","meta":{"footnotes":""},"class_list":["post-259","page","type-page","status-publish","hentry"],"aioseo_notices":[],"_links":{"self":[{"href":"http:\/\/gruptm.com\/index.php?rest_route=\/wp\/v2\/pages\/259","targetHints":{"allow":["GET"]}}],"collection":[{"href":"http:\/\/gruptm.com\/index.php?rest_route=\/wp\/v2\/pages"}],"about":[{"href":"http:\/\/gruptm.com\/index.php?rest_route=\/wp\/v2\/types\/page"}],"author":[{"embeddable":true,"href":"http:\/\/gruptm.com\/index.php?rest_route=\/wp\/v2\/users\/4"}],"replies":[{"embeddable":true,"href":"http:\/\/gruptm.com\/index.php?rest_route=%2Fwp%2Fv2%2Fcomments&post=259"}],"version-history":[{"count":2,"href":"http:\/\/gruptm.com\/index.php?rest_route=\/wp\/v2\/pages\/259\/revisions"}],"predecessor-version":[{"id":331,"href":"http:\/\/gruptm.com\/index.php?rest_route=\/wp\/v2\/pages\/259\/revisions\/331"}],"wp:attachment":[{"href":"http:\/\/gruptm.com\/index.php?rest_route=%2Fwp%2Fv2%2Fmedia&parent=259"}],"curies":[{"name":"wp","href":"https:\/\/api.w.org\/{rel}","templated":true}]}}