{"id":254,"date":"2018-02-25T23:25:11","date_gmt":"2018-02-25T23:25:11","guid":{"rendered":"http:\/\/gruptm.com\/?page_id=254"},"modified":"2019-01-22T08:30:50","modified_gmt":"2019-01-22T08:30:50","slug":"asesoria-mercantil","status":"publish","type":"page","link":"http:\/\/gruptm.com\/?page_id=254","title":{"rendered":"Asesor\u00eda mercantil"},"content":{"rendered":"<p>En este campo nuestro equipo de profesionales, le ofrecer\u00e1n el asesoramiento m\u00e1s adecuado\u00a0a sus necesidades.<\/p>\n<ul>\n<li>Creaci\u00f3n de sociedades mercantiles:\n<ul>\n<li>Limitada (S.L.)<\/li>\n<li>Limitada profesional (S.L.P.)<\/li>\n<li>Limitadas laborales (S.L.L.)<\/li>\n<li>An\u00f3nimas (S.A.)<\/li>\n<li>An\u00f3nimas laborales (S.A.L.)<\/li>\n<li>Comunidades de bienes<\/li>\n<li>Civiles privadas<\/li>\n<\/ul>\n<\/li>\n<\/ul>\n<ul>\n<li>Confecci\u00f3n y presentaci\u00f3n de libros y dep\u00f3sito de cuentas en el registro mercantila<\/li>\n<li>Asesoramiento y presentaciones de concurso de Acreedores.<\/li>\n<\/ul>\n","protected":false},"excerpt":{"rendered":"<p>En este campo nuestro equipo de profesionales, le ofrecer\u00e1n el asesoramiento m\u00e1s adecuado\u00a0a sus necesidades. Creaci\u00f3n de sociedades mercantiles: Limitada (S.L.) Limitada profesional (S.L.P.) Limitadas laborales (S.L.L.) An\u00f3nimas (S.A.) An\u00f3nimas laborales (S.A.L.) Comunidades de bienes Civiles privadas Confecci\u00f3n y presentaci\u00f3n de libros y dep\u00f3sito de cuentas en el registro mercantila Asesoramiento y presentaciones de concurso [&hellip;]<\/p>\n","protected":false},"author":4,"featured_media":0,"parent":0,"menu_order":0,"comment_status":"closed","ping_status":"closed","template":"page-full-width.php","meta":{"footnotes":""},"class_list":["post-254","page","type-page","status-publish","hentry"],"aioseo_notices":[],"_links":{"self":[{"href":"http:\/\/gruptm.com\/index.php?rest_route=\/wp\/v2\/pages\/254","targetHints":{"allow":["GET"]}}],"collection":[{"href":"http:\/\/gruptm.com\/index.php?rest_route=\/wp\/v2\/pages"}],"about":[{"href":"http:\/\/gruptm.com\/index.php?rest_route=\/wp\/v2\/types\/page"}],"author":[{"embeddable":true,"href":"http:\/\/gruptm.com\/index.php?rest_route=\/wp\/v2\/users\/4"}],"replies":[{"embeddable":true,"href":"http:\/\/gruptm.com\/index.php?rest_route=%2Fwp%2Fv2%2Fcomments&post=254"}],"version-history":[{"count":1,"href":"http:\/\/gruptm.com\/index.php?rest_route=\/wp\/v2\/pages\/254\/revisions"}],"predecessor-version":[{"id":257,"href":"http:\/\/gruptm.com\/index.php?rest_route=\/wp\/v2\/pages\/254\/revisions\/257"}],"wp:attachment":[{"href":"http:\/\/gruptm.com\/index.php?rest_route=%2Fwp%2Fv2%2Fmedia&parent=254"}],"curies":[{"name":"wp","href":"https:\/\/api.w.org\/{rel}","templated":true}]}}