{"id":109,"date":"2017-02-06T22:27:24","date_gmt":"2017-02-06T22:27:24","guid":{"rendered":"http:\/\/gruptm.com\/?page_id=109"},"modified":"2018-03-12T13:51:54","modified_gmt":"2018-03-12T13:51:54","slug":"contacto","status":"publish","type":"page","link":"http:\/\/gruptm.com\/?page_id=109","title":{"rendered":"Contacto"},"content":{"rendered":"<p><!-- Location Map Section --><\/p>\n<div class=\"qua_google_map\"><iframe loading=\"lazy\" src=\"https:\/\/www.google.com\/maps\/embed?pb=!1m18!1m12!1m3!1d2981.512252663334!2d2.740715116047611!3d41.6446730792415!2m3!1f0!2f0!3f0!3m2!1i1024!2i768!4f13.1!3m3!1m2!1s0x12bb3e7eca136839%3A0xdac06b94fe392f9c!2sCarrer+de+Mar%2C+55%2C+08380+Malgrat+de+Mar%2C+Barcelona!5e0!3m2!1ses-419!2ses!4v1519566615977&amp;output=embed\" width=\"100%\" height=\"500\" frameborder=\"0\" marginwidth=\"0\" marginheight=\"0\" scrolling=\"no\"><\/iframe><\/div>\n<p><!--contact detail--><\/p>\n<div style=\"text-align: center\">\n<div class=\"container\">\n<div class=\"row contact-detail-section\">\n<div class=\"col-md-3\">\n<div class=\"contact-detail-area\" style=\"background-color: #ffffff\">\n<p><img loading=\"lazy\" decoding=\"async\" src=\"http:\/\/gruptm.com\/wp-content\/uploads\/2018\/02\/map.png\" alt=\"\" width=\"50\" height=\"50\" class=\"aligncenter size-full wp-image-296\" \/><\/p>\n<h5>Direcci\u00f3n<\/h5>\n<address>C\/ Mar, 55<\/address>\n<address>08380 Malgrat de Mar<\/address>\n<address>Barcelona<\/address>\n<\/div>\n<\/div>\n<div class=\"col-md-3\">\n<div class=\"contact-detail-area\" style=\"background-color: #ffffff\">\n<p><img loading=\"lazy\" decoding=\"async\" src=\"http:\/\/gruptm.com\/wp-content\/uploads\/2018\/02\/telefono.png\" alt=\"\" width=\"50\" height=\"50\" class=\"aligncenter size-full wp-image-299\" \/><\/p>\n<h5>Tel\u00e9fono<\/h5>\n<address>93 761 90 93<\/address>\n<address>636 291 585<br \/>(Whatsapp)<\/address>\n<address>\u00a0<\/address>\n<\/div>\n<\/div>\n<div class=\"col-md-3\">\n<div class=\"contact-detail-area\" style=\"background-color: #ffffff\">\n<p><img loading=\"lazy\" decoding=\"async\" src=\"http:\/\/gruptm.com\/wp-content\/uploads\/2018\/02\/inbox.png\" alt=\"\" width=\"50\" height=\"50\" class=\"aligncenter size-full wp-image-300\" \/><\/p>\n<h5>Correo electr\u00f3nico<\/h5>\n<address>gruptm@gruptm.com<\/address>\n<address>\u00a0<\/address>\n<address>\u00a0<\/address>\n<\/div>\n<\/div>\n<\/div>\n<\/div>\n<p><!--\/contact detail--><\/p>\n<\/div>\n<h1>Formulario de contacto<\/h1>\n<p>La comunicaci\u00f3n remitida quedar\u00e1 incorporada un fichero del que es responsable GRUP HGTM-GABINET D&#8217;ASSESSORS, S.L.. Dicha comunicaci\u00f3n se utilizar\u00e1 exclusivamente para atender a su solicitud. Mediante la indicaci\u00f3n de sus datos y de conformidad con lo establecido en el art\u00edculo 6 de la L.O.P.D., Ud. otorga consentimiento inequ\u00edvoco a GRUP HGTM-GABINET D&#8217;ASSESSORS, S.L. para que proceda, en cumplimiento de los fines mencionados en el apartado anterior, al tratamiento de los datos personales facilitados.<\/p>\n<p>En cualquier momento usted podr\u00e1 ejercer los derechos de acceso, rectificaci\u00f3n, oposici\u00f3n y, en su caso, cancelaci\u00f3n, comunic\u00e1ndolo por escrito e indicando sus datos personales a la GRUP HGTM-GABINET D&#8217;ASSESSORS, S.L., en el domicilio C\/ MAR, 55 BX 08380, MALGRAT DE MAR o mediante el env\u00edo de correo electr\u00f3nico a gruptm@gruptm.com.<\/p>\n\n<div class=\"wpcf7 no-js\" id=\"wpcf7-f304-o1\" lang=\"es-ES\" dir=\"ltr\" data-wpcf7-id=\"304\">\n<div class=\"screen-reader-response\"><p role=\"status\" aria-live=\"polite\" aria-atomic=\"true\"><\/p> <ul><\/ul><\/div>\n<form action=\"\/index.php?rest_route=%2Fwp%2Fv2%2Fpages%2F109#wpcf7-f304-o1\" method=\"post\" class=\"wpcf7-form init\" aria-label=\"Contact form\" novalidate=\"novalidate\" data-status=\"init\">\n<fieldset class=\"hidden-fields-container\"><input type=\"hidden\" name=\"_wpcf7\" value=\"304\" \/><input type=\"hidden\" name=\"_wpcf7_version\" value=\"6.1.5\" \/><input type=\"hidden\" name=\"_wpcf7_locale\" value=\"es_ES\" \/><input type=\"hidden\" name=\"_wpcf7_unit_tag\" value=\"wpcf7-f304-o1\" \/><input type=\"hidden\" name=\"_wpcf7_container_post\" value=\"0\" \/><input type=\"hidden\" name=\"_wpcf7_posted_data_hash\" value=\"\" \/>\n<\/fieldset>\n<table>\n\t<tr style=\"background-color: transparent; border-color: transparent\">\n\t\t<td style=\"border: none\">\n\t\t\t<p><label>\n\t\t\t\t\t<font color=\"#666666\" style=\"font-weight: normal\">Persona de contacto*\n\t\t\t\t\t<\/font><br \/>\n<span class=\"wpcf7-form-control-wrap\" data-name=\"your-name\"><input size=\"70\" maxlength=\"400\" class=\"wpcf7-form-control wpcf7-text wpcf7-validates-as-required\" aria-required=\"true\" aria-invalid=\"false\" value=\"\" type=\"text\" name=\"your-name\" \/><\/span> <\/label>\n\t\t\t<\/p>\n\t\t<\/td>\n\t\t<td width=\"20\"  style=\"border: none\">\n\t\t\t<p>&nbsp;\n\t\t\t<\/p>\n\t\t<\/td>\n\t\t<td style=\"border: none\">\n\t\t\t<p><label>\n\t\t\t\t\t<font color=\"#666666\" style=\"font-weight: normal\">Empresa\n\t\t\t\t\t<\/font><br \/>\n<span class=\"wpcf7-form-control-wrap\" data-name=\"your-company\"><input size=\"70\" maxlength=\"400\" class=\"wpcf7-form-control wpcf7-text\" aria-invalid=\"false\" value=\"\" type=\"text\" name=\"your-company\" \/><\/span> <\/label>\n\t\t\t<\/p>\n\t\t<\/td>\n\t<\/tr>\n\t<tr style=\"background-color: transparent; border-color: transparent\">\n\t\t<td style=\"border: none\">\n\t\t\t<p><label>\n\t\t\t\t\t<font color=\"#666666\" style=\"font-weight: normal\">Correo electr\u00f3nico*\n\t\t\t\t\t<\/font><br \/>\n<span class=\"wpcf7-form-control-wrap\" data-name=\"your-email\"><input size=\"70\" maxlength=\"400\" class=\"wpcf7-form-control wpcf7-email wpcf7-validates-as-required wpcf7-text wpcf7-validates-as-email\" aria-required=\"true\" aria-invalid=\"false\" value=\"\" type=\"email\" name=\"your-email\" \/><\/span> <\/label>\n\t\t\t<\/p>\n\t\t<\/td>\n\t\t<td width=\"20\"  style=\"border: none\">\n\t\t\t<p>&nbsp;\n\t\t\t<\/p>\n\t\t<\/td>\n\t\t<td style=\"border: none\">\n\t\t\t<p><label>\n\t\t\t\t\t<font color=\"#666666\" style=\"font-weight: normal\">N\u00famero de tel\u00e9fono\n\t\t\t\t\t<\/font><br \/>\n<span class=\"wpcf7-form-control-wrap\" data-name=\"your-phone\"><input size=\"70\" maxlength=\"400\" class=\"wpcf7-form-control wpcf7-tel wpcf7-text wpcf7-validates-as-tel\" aria-invalid=\"false\" value=\"\" type=\"tel\" name=\"your-phone\" \/><\/span> <\/label>\n\t\t\t<\/p>\n\t\t<\/td>\n\t<\/tr>\n\t<tr style=\"background-color: transparent; border-color: transparent\">\n\t\t<td colspan=\"3\"  style=\"border: none\">\n\t\t\t<p><label>\n\t\t\t\t\t<font color=\"#666666\" style=\"font-weight: normal\">Asunto*\n\t\t\t\t\t<\/font><br \/>\n<span class=\"wpcf7-form-control-wrap\" data-name=\"your-subject\"><input size=\"148\" maxlength=\"400\" class=\"wpcf7-form-control wpcf7-text\" aria-invalid=\"false\" value=\"\" type=\"text\" name=\"your-subject\" \/><\/span> <\/label>\n\t\t\t<\/p>\n\t\t\t<p><label>\n\t\t\t\t\t<font color=\"#666666\" style=\"font-weight: normal\">Comentarios*\n\t\t\t\t\t<\/font><br \/>\n<span class=\"wpcf7-form-control-wrap\" data-name=\"your-message\"><textarea cols=\"116\" rows=\"5\" maxlength=\"2000\" class=\"wpcf7-form-control wpcf7-textarea\" aria-invalid=\"false\" name=\"your-message\"><\/textarea><\/span> <\/label>\n\t\t\t<\/p>\n\t\t\t<p>Los campos marcados con * son obligatorios.\n\t\t\t<\/p>\n\t\t\t<p><input class=\"wpcf7-form-control wpcf7-submit has-spinner\" type=\"submit\" value=\"Enviar\" \/>\n\t\t\t<\/p>\n\t\t<\/td>\n\t<\/tr>\n<\/table><div class=\"wpcf7-response-output\" aria-hidden=\"true\"><\/div>\n<\/form>\n<\/div>\n\n","protected":false},"excerpt":{"rendered":"<p>Direcci\u00f3n C\/ Mar, 55 08380 Malgrat de Mar Barcelona Tel\u00e9fono 93 761 90 93 636 291 585(Whatsapp) \u00a0 Correo electr\u00f3nico gruptm@gruptm.com \u00a0 \u00a0 Formulario de contacto La comunicaci\u00f3n remitida quedar\u00e1 incorporada un fichero del que es responsable GRUP HGTM-GABINET D&#8217;ASSESSORS, S.L.. Dicha comunicaci\u00f3n se utilizar\u00e1 exclusivamente para atender a su solicitud. Mediante la indicaci\u00f3n de [&hellip;]<\/p>\n","protected":false},"author":4,"featured_media":0,"parent":0,"menu_order":0,"comment_status":"closed","ping_status":"closed","template":"page-full-width.php","meta":{"footnotes":""},"class_list":["post-109","page","type-page","status-publish","hentry"],"aioseo_notices":[],"_links":{"self":[{"href":"http:\/\/gruptm.com\/index.php?rest_route=\/wp\/v2\/pages\/109","targetHints":{"allow":["GET"]}}],"collection":[{"href":"http:\/\/gruptm.com\/index.php?rest_route=\/wp\/v2\/pages"}],"about":[{"href":"http:\/\/gruptm.com\/index.php?rest_route=\/wp\/v2\/types\/page"}],"author":[{"embeddable":true,"href":"http:\/\/gruptm.com\/index.php?rest_route=\/wp\/v2\/users\/4"}],"replies":[{"embeddable":true,"href":"http:\/\/gruptm.com\/index.php?rest_route=%2Fwp%2Fv2%2Fcomments&post=109"}],"version-history":[{"count":31,"href":"http:\/\/gruptm.com\/index.php?rest_route=\/wp\/v2\/pages\/109\/revisions"}],"predecessor-version":[{"id":311,"href":"http:\/\/gruptm.com\/index.php?rest_route=\/wp\/v2\/pages\/109\/revisions\/311"}],"wp:attachment":[{"href":"http:\/\/gruptm.com\/index.php?rest_route=%2Fwp%2Fv2%2Fmedia&parent=109"}],"curies":[{"name":"wp","href":"https:\/\/api.w.org\/{rel}","templated":true}]}}