{"id":107,"date":"2017-02-06T22:25:47","date_gmt":"2017-02-06T22:25:47","guid":{"rendered":"http:\/\/gruptm.com\/?page_id=107"},"modified":"2018-02-25T15:47:04","modified_gmt":"2018-02-25T15:47:04","slug":"acerca-de","status":"publish","type":"page","link":"http:\/\/gruptm.com\/?page_id=107","title":{"rendered":"Acerca de"},"content":{"rendered":"<p>GRUP TM-GABINET D\u2019ASSESSORS, S.L., es una asesor\u00eda en el \u00e1mbito FISCAL, LABORAL y JUR\u00cdDICO, que adem\u00e1s tiene su departamento de asesor\u00eda y gesti\u00f3n INMOBILIARIA.<\/p>\n<p>Nos avalan m\u00e1s de 20 a\u00f1os de experiencia en el sector, y nuestros innumerables clientes satisfechos.<\/p>\n<p>Situada en Malgrat de Mar (Bcn), en una de las calles principales y comerciales de la poblaci\u00f3n. Nos dedicamos pr\u00e1cticamente al asesoramiento y gesti\u00f3n, proporcionandole a nuestros clientes la mejor forma de gestionar su empresa.<\/p>\n<p>Nuestra asesor\u00eda est\u00e1 especializada en el servicio integral a la empresa y comercio, as\u00ed nuestros clientes tienen centralizada toda su gesti\u00f3n administrativa, y como otras gestiones y asesoramiento. Incluso, servicio a domicilio.<\/p>\n<p>Nuestro departamento de seguros, le asesorar\u00e1 de las diversas modalidades de seguros existentes en el mercado y cual es al m\u00e1s indicado a sus necesidades.<\/p>\n<p>El departamento inmobiliario, est\u00e1 especializado en alquiler y venta de inmuebles de la poblaci\u00f3n y alrededores, sin descartar los inmuebles de otras localidades e incluso provincias.<\/p>\n<p>En esta web podr\u00e1 acceder a nuestro formulario de consultas situado en el apartado \u201cCONTACTENOS\u201d, y una vez recibida su consulta nosotros nos pondremos en contacto.<\/p>\n<p>Esperamos encuentre lo que desea en estas p\u00e1ginas, si no es as\u00ed, contacte con nosotros, sin ning\u00fan tipo de compromiso, d\u00edganos lo que desea e intentaremos encontr\u00e1rselo.<\/p>\n<p>Agradecidos de antemano por la confianza depositada.<\/p>\n<p>El equipo de GRUP\u00a0TM<\/p>\n","protected":false},"excerpt":{"rendered":"<p>GRUP TM-GABINET D\u2019ASSESSORS, S.L., es una asesor\u00eda en el \u00e1mbito FISCAL, LABORAL y JUR\u00cdDICO, que adem\u00e1s tiene su departamento de asesor\u00eda y gesti\u00f3n INMOBILIARIA. Nos avalan m\u00e1s de 20 a\u00f1os de experiencia en el sector, y nuestros innumerables clientes satisfechos. Situada en Malgrat de Mar (Bcn), en una de las calles principales y comerciales de [&hellip;]<\/p>\n","protected":false},"author":4,"featured_media":0,"parent":0,"menu_order":0,"comment_status":"closed","ping_status":"closed","template":"about-us.php","meta":{"footnotes":""},"class_list":["post-107","page","type-page","status-publish","hentry"],"aioseo_notices":[],"_links":{"self":[{"href":"http:\/\/gruptm.com\/index.php?rest_route=\/wp\/v2\/pages\/107","targetHints":{"allow":["GET"]}}],"collection":[{"href":"http:\/\/gruptm.com\/index.php?rest_route=\/wp\/v2\/pages"}],"about":[{"href":"http:\/\/gruptm.com\/index.php?rest_route=\/wp\/v2\/types\/page"}],"author":[{"embeddable":true,"href":"http:\/\/gruptm.com\/index.php?rest_route=\/wp\/v2\/users\/4"}],"replies":[{"embeddable":true,"href":"http:\/\/gruptm.com\/index.php?rest_route=%2Fwp%2Fv2%2Fcomments&post=107"}],"version-history":[{"count":1,"href":"http:\/\/gruptm.com\/index.php?rest_route=\/wp\/v2\/pages\/107\/revisions"}],"predecessor-version":[{"id":108,"href":"http:\/\/gruptm.com\/index.php?rest_route=\/wp\/v2\/pages\/107\/revisions\/108"}],"wp:attachment":[{"href":"http:\/\/gruptm.com\/index.php?rest_route=%2Fwp%2Fv2%2Fmedia&parent=107"}],"curies":[{"name":"wp","href":"https:\/\/api.w.org\/{rel}","templated":true}]}}